{"id":926,"date":"2023-06-27T09:35:52","date_gmt":"2023-06-27T07:35:52","guid":{"rendered":"http:\/\/nettoyagevoiturecanape.fr\/?post_type=product&#038;p=926"},"modified":"2023-06-27T09:43:01","modified_gmt":"2023-06-27T07:43:01","slug":"2-sieges-avant","status":"publish","type":"product","link":"https:\/\/nettoyagevoiturecanape.fr\/index.php\/produit\/2-sieges-avant\/","title":{"rendered":"2 Si\u00e8ges avant"},"content":{"rendered":"<p>D\u00e9finitivement engag\u00e9 dans une d\u00e9marche responsable, Ecolave a fait le choix de proposer une solution de lavage de voiture sans eau et 100% \u00e9cologique. En effet, Ecolave utilise des produits biod\u00e9gradables pour nettoyer votre v\u00e9hicule. Gr\u00e2ce au lavage auto sans eau, c\u2019est environ 250 litres d\u2019eau qui sont \u00e9conomis\u00e9s, tandis que les produits chimiques sont laiss\u00e9s de c\u00f4t\u00e9<\/p>\n<div id='gallery-1' class='gallery galleryid-926 gallery-columns-3 gallery-size-thumbnail'><figure class='gallery-item'>\n\t\t\t<div class='gallery-icon landscape'>\n\t\t\t\t<a href='https:\/\/nettoyagevoiturecanape.fr\/index.php\/home\/pexels-tima-miroshnichenko-6872575\/'><img loading=\"lazy\" decoding=\"async\" width=\"150\" height=\"150\" src=\"https:\/\/nettoyagevoiturecanape.fr\/wp-content\/uploads\/2023\/06\/pexels-tima-miroshnichenko-6872575-150x150.jpg\" class=\"attachment-thumbnail size-thumbnail\" alt=\"\" srcset=\"https:\/\/nettoyagevoiturecanape.fr\/wp-content\/uploads\/2023\/06\/pexels-tima-miroshnichenko-6872575-150x150.jpg 150w, https:\/\/nettoyagevoiturecanape.fr\/wp-content\/uploads\/2023\/06\/pexels-tima-miroshnichenko-6872575-scaled-300x300.jpg 300w\" sizes=\"auto, (max-width: 150px) 100vw, 150px\" \/><\/a>\n\t\t\t<\/div><\/figure><figure class='gallery-item'>\n\t\t\t<div class='gallery-icon landscape'>\n\t\t\t\t<a href='https:\/\/nettoyagevoiturecanape.fr\/index.php\/home\/pexels-mike-bird-9971841\/'><img loading=\"lazy\" decoding=\"async\" width=\"150\" height=\"150\" src=\"https:\/\/nettoyagevoiturecanape.fr\/wp-content\/uploads\/2023\/06\/pexels-mike-bird-9971841-scaled-e1687888893870-150x150.jpg\" class=\"attachment-thumbnail size-thumbnail\" alt=\"\" srcset=\"https:\/\/nettoyagevoiturecanape.fr\/wp-content\/uploads\/2023\/06\/pexels-mike-bird-9971841-scaled-e1687888893870-150x150.jpg 150w, https:\/\/nettoyagevoiturecanape.fr\/wp-content\/uploads\/2023\/06\/pexels-mike-bird-9971841-scaled-e1687888893870-300x300.jpg 300w, https:\/\/nettoyagevoiturecanape.fr\/wp-content\/uploads\/2023\/06\/pexels-mike-bird-9971841-scaled-e1687888893870-100x100.jpg 100w\" sizes=\"auto, (max-width: 150px) 100vw, 150px\" \/><\/a>\n\t\t\t<\/div><\/figure><figure class='gallery-item'>\n\t\t\t<div class='gallery-icon landscape'>\n\t\t\t\t<a href='https:\/\/nettoyagevoiturecanape.fr\/?attachment_id=898'><img loading=\"lazy\" decoding=\"async\" width=\"150\" height=\"150\" src=\"https:\/\/nettoyagevoiturecanape.fr\/wp-content\/uploads\/2023\/06\/wash-car-protect-5144827-e1687889355791-150x150.jpg\" class=\"attachment-thumbnail size-thumbnail\" alt=\"wash, car, protect-5144827.jpg\" srcset=\"https:\/\/nettoyagevoiturecanape.fr\/wp-content\/uploads\/2023\/06\/wash-car-protect-5144827-e1687889355791-150x150.jpg 150w, https:\/\/nettoyagevoiturecanape.fr\/wp-content\/uploads\/2023\/06\/wash-car-protect-5144827-e1687889355791-300x300.jpg 300w, https:\/\/nettoyagevoiturecanape.fr\/wp-content\/uploads\/2023\/06\/wash-car-protect-5144827-e1687889355791-100x100.jpg 100w\" sizes=\"auto, (max-width: 150px) 100vw, 150px\" \/><\/a>\n\t\t\t<\/div><\/figure>\n\t\t<\/div>\n\n","protected":false},"excerpt":{"rendered":"<p>En effet, Ecolave utilise des produits biod\u00e9gradables pour nettoyer votre v\u00e9hicule. Gr\u00e2ce au <b>lavage auto sans eau<\/b>, c\u2019est environ\u00a0<b>250 litres d\u2019eau qui sont \u00e9conomis\u00e9s<\/b>, tandis que les produits chimiques sont laiss\u00e9s de c\u00f4t\u00e9<\/p>\n","protected":false},"featured_media":911,"comment_status":"open","ping_status":"closed","template":"","meta":{"site-sidebar-layout":"default","site-content-layout":"default","ast-global-header-display":"","ast-banner-title-visibility":"","ast-main-header-display":"","ast-hfb-above-header-display":"","ast-hfb-below-header-display":"","ast-hfb-mobile-header-display":"","site-post-title":"","ast-breadcrumbs-content":"","ast-featured-img":"","footer-sml-layout":"","theme-transparent-header-meta":"default","adv-header-id-meta":"","stick-header-meta":"","header-above-stick-meta":"","header-main-stick-meta":"","header-below-stick-meta":""},"product_cat":[15],"product_tag":[],"class_list":["post-926","product","type-product","status-publish","has-post-thumbnail","hentry","product_cat-non-classe","desktop-align-center","tablet-align-left","mobile-align-left"],"_links":{"self":[{"href":"https:\/\/nettoyagevoiturecanape.fr\/index.php\/wp-json\/wp\/v2\/product\/926","targetHints":{"allow":["GET"]}}],"collection":[{"href":"https:\/\/nettoyagevoiturecanape.fr\/index.php\/wp-json\/wp\/v2\/product"}],"about":[{"href":"https:\/\/nettoyagevoiturecanape.fr\/index.php\/wp-json\/wp\/v2\/types\/product"}],"replies":[{"embeddable":true,"href":"https:\/\/nettoyagevoiturecanape.fr\/index.php\/wp-json\/wp\/v2\/comments?post=926"}],"wp:featuredmedia":[{"embeddable":true,"href":"https:\/\/nettoyagevoiturecanape.fr\/index.php\/wp-json\/wp\/v2\/media\/911"}],"wp:attachment":[{"href":"https:\/\/nettoyagevoiturecanape.fr\/index.php\/wp-json\/wp\/v2\/media?parent=926"}],"wp:term":[{"taxonomy":"product_cat","embeddable":true,"href":"https:\/\/nettoyagevoiturecanape.fr\/index.php\/wp-json\/wp\/v2\/product_cat?post=926"},{"taxonomy":"product_tag","embeddable":true,"href":"https:\/\/nettoyagevoiturecanape.fr\/index.php\/wp-json\/wp\/v2\/product_tag?post=926"}],"curies":[{"name":"wp","href":"https:\/\/api.w.org\/{rel}","templated":true}]}}